{"id":6,"date":"2025-12-20T18:40:35","date_gmt":"2025-12-20T17:40:35","guid":{"rendered":"https:\/\/akademiauczuc.edu.pl\/?page_id=6"},"modified":"2025-12-20T18:40:35","modified_gmt":"2025-12-20T17:40:35","slug":"witamy","status":"publish","type":"page","link":"https:\/\/akademiauczuc.edu.pl\/?page_id=6","title":{"rendered":"WITAMY!"},"content":{"rendered":"\n<p>Jeste\u015bmy w trakcie budowania strony internetowej Akademia Uczu\u0107, czyli edukacja emocjonalna dzieci i m\u0142odzie\u017cy.<\/p>\n\n\n\n<p>Dzi\u0119kujemy za cierpliwo\u015b\u0107 i zapraszamy wkr\u00f3tce.<\/p>\n","protected":false},"excerpt":{"rendered":"<p>Jeste\u015bmy w trakcie budowania strony internetowej Akademia Uczu\u0107, czyli edukacja emocjonalna dzieci i m\u0142odzie\u017cy. Dzi\u0119kujemy za cierpliwo\u015b\u0107 i zapraszamy wkr\u00f3tce.<\/p>\n","protected":false},"author":1,"featured_media":8,"parent":0,"menu_order":0,"comment_status":"closed","ping_status":"closed","template":"","meta":{"footnotes":""},"class_list":["post-6","page","type-page","status-publish","has-post-thumbnail","hentry"],"_links":{"self":[{"href":"https:\/\/akademiauczuc.edu.pl\/index.php?rest_route=\/wp\/v2\/pages\/6","targetHints":{"allow":["GET"]}}],"collection":[{"href":"https:\/\/akademiauczuc.edu.pl\/index.php?rest_route=\/wp\/v2\/pages"}],"about":[{"href":"https:\/\/akademiauczuc.edu.pl\/index.php?rest_route=\/wp\/v2\/types\/page"}],"author":[{"embeddable":true,"href":"https:\/\/akademiauczuc.edu.pl\/index.php?rest_route=\/wp\/v2\/users\/1"}],"replies":[{"embeddable":true,"href":"https:\/\/akademiauczuc.edu.pl\/index.php?rest_route=%2Fwp%2Fv2%2Fcomments&post=6"}],"version-history":[{"count":1,"href":"https:\/\/akademiauczuc.edu.pl\/index.php?rest_route=\/wp\/v2\/pages\/6\/revisions"}],"predecessor-version":[{"id":9,"href":"https:\/\/akademiauczuc.edu.pl\/index.php?rest_route=\/wp\/v2\/pages\/6\/revisions\/9"}],"wp:featuredmedia":[{"embeddable":true,"href":"https:\/\/akademiauczuc.edu.pl\/index.php?rest_route=\/wp\/v2\/media\/8"}],"wp:attachment":[{"href":"https:\/\/akademiauczuc.edu.pl\/index.php?rest_route=%2Fwp%2Fv2%2Fmedia&parent=6"}],"curies":[{"name":"wp","href":"https:\/\/api.w.org\/{rel}","templated":true}]}}