{"id":10,"date":"2025-12-20T18:49:45","date_gmt":"2025-12-20T17:49:45","guid":{"rendered":"https:\/\/akademiauczuc.edu.pl\/?page_id=10"},"modified":"2025-12-20T18:51:48","modified_gmt":"2025-12-20T17:51:48","slug":"witaj-strona-akademii-uczuc-edukacja-emocjonalna-dzieci-i-mlodziezy-jest-w-budowie","status":"publish","type":"page","link":"https:\/\/akademiauczuc.edu.pl\/?page_id=10","title":{"rendered":"Witaj! Strona Akademii Uczu\u0107- edukacja emocjonalna dzieci i m\u0142odzie\u017cy jest w budowie."},"content":{"rendered":"\n<figure class=\"wp-block-image size-full\"><img loading=\"lazy\" decoding=\"async\" width=\"618\" height=\"245\" src=\"https:\/\/akademiauczuc.edu.pl\/wp-content\/uploads\/2025\/12\/image.png\" alt=\"\" class=\"wp-image-12\" srcset=\"https:\/\/akademiauczuc.edu.pl\/wp-content\/uploads\/2025\/12\/image.png 618w, https:\/\/akademiauczuc.edu.pl\/wp-content\/uploads\/2025\/12\/image-300x119.png 300w\" sizes=\"auto, (max-width: 618px) 100vw, 618px\" \/><\/figure>\n\n\n\n<p><\/p>\n\n\n\n<p><\/p>\n","protected":false},"excerpt":{"rendered":"","protected":false},"author":1,"featured_media":0,"parent":0,"menu_order":0,"comment_status":"closed","ping_status":"closed","template":"","meta":{"footnotes":""},"class_list":["post-10","page","type-page","status-publish","hentry"],"_links":{"self":[{"href":"https:\/\/akademiauczuc.edu.pl\/index.php?rest_route=\/wp\/v2\/pages\/10","targetHints":{"allow":["GET"]}}],"collection":[{"href":"https:\/\/akademiauczuc.edu.pl\/index.php?rest_route=\/wp\/v2\/pages"}],"about":[{"href":"https:\/\/akademiauczuc.edu.pl\/index.php?rest_route=\/wp\/v2\/types\/page"}],"author":[{"embeddable":true,"href":"https:\/\/akademiauczuc.edu.pl\/index.php?rest_route=\/wp\/v2\/users\/1"}],"replies":[{"embeddable":true,"href":"https:\/\/akademiauczuc.edu.pl\/index.php?rest_route=%2Fwp%2Fv2%2Fcomments&post=10"}],"version-history":[{"count":2,"href":"https:\/\/akademiauczuc.edu.pl\/index.php?rest_route=\/wp\/v2\/pages\/10\/revisions"}],"predecessor-version":[{"id":13,"href":"https:\/\/akademiauczuc.edu.pl\/index.php?rest_route=\/wp\/v2\/pages\/10\/revisions\/13"}],"wp:attachment":[{"href":"https:\/\/akademiauczuc.edu.pl\/index.php?rest_route=%2Fwp%2Fv2%2Fmedia&parent=10"}],"curies":[{"name":"wp","href":"https:\/\/api.w.org\/{rel}","templated":true}]}}